{"id":29714,"date":"2025-08-11T15:38:10","date_gmt":"2025-08-11T13:38:10","guid":{"rendered":"https:\/\/evok.com\/?page_id=29714"},"modified":"2025-08-11T15:38:10","modified_gmt":"2025-08-11T13:38:10","slug":"telephonie-ip-professionnelle-en-suisse-3cx-par-evok","status":"publish","type":"page","link":"https:\/\/evok.com\/fr\/telephonie-ip-professionnelle-en-suisse-3cx-par-evok\/","title":{"rendered":"T\u00e9l\u00e9phonie IP professionnelle en Suisse \u2013 3CX par EVOK"},"content":{"rendered":"","protected":false},"excerpt":{"rendered":"","protected":false},"author":12,"featured_media":0,"parent":0,"menu_order":0,"comment_status":"closed","ping_status":"closed","template":"","meta":{"inline_featured_image":false,"footnotes":""},"class_list":["post-29714","page","type-page","status-publish","hentry"],"yoast_head":"<!-- This site is optimized with the Yoast SEO Premium plugin v25.3 (Yoast SEO v27.3) - https:\/\/yoast.com\/product\/yoast-seo-premium-wordpress\/ -->\n<title>T\u00e9l\u00e9phonie IP professionnelle en Suisse \u2013 3CX par EVOK - EVOK Informatique<\/title>\n<meta name=\"description\" content=\"Acc\u00e9dez \u00e0 vos applications et donn\u00e9es depuis partout gr\u00e2ce \u00e0 nos bureaux virtuels Citrix h\u00e9berg\u00e9s en Suisse. S\u00e9curis\u00e9, flexible et compatible avec tous vos usages.\" \/>\n<meta name=\"robots\" content=\"index, follow, max-snippet:-1, max-image-preview:large, max-video-preview:-1\" \/>\n<link rel=\"canonical\" href=\"https:\/\/evok.com\/fr\/telephonie-ip-professionnelle-en-suisse-3cx-par-evok\/\" \/>\n<meta property=\"og:locale\" content=\"fr_FR\" \/>\n<meta property=\"og:type\" content=\"article\" \/>\n<meta property=\"og:title\" content=\"T\u00e9l\u00e9phonie IP professionnelle en Suisse \u2013 3CX par EVOK\" \/>\n<meta property=\"og:description\" content=\"Acc\u00e9dez \u00e0 vos applications et donn\u00e9es depuis partout gr\u00e2ce \u00e0 nos bureaux virtuels Citrix h\u00e9berg\u00e9s en Suisse. S\u00e9curis\u00e9, flexible et compatible avec tous vos usages.\" \/>\n<meta property=\"og:url\" content=\"https:\/\/evok.com\/fr\/telephonie-ip-professionnelle-en-suisse-3cx-par-evok\/\" \/>\n<meta property=\"og:site_name\" content=\"EVOK Informatique\" \/>\n<meta name=\"twitter:card\" content=\"summary_large_image\" \/>\n<script type=\"application\/ld+json\" class=\"yoast-schema-graph\">{\"@context\":\"https:\\\/\\\/schema.org\",\"@graph\":[{\"@type\":\"WebPage\",\"@id\":\"https:\\\/\\\/evok.com\\\/fr\\\/telephonie-ip-professionnelle-en-suisse-3cx-par-evok\\\/\",\"url\":\"https:\\\/\\\/evok.com\\\/fr\\\/telephonie-ip-professionnelle-en-suisse-3cx-par-evok\\\/\",\"name\":\"T\u00e9l\u00e9phonie IP professionnelle en Suisse \u2013 3CX par EVOK - EVOK Informatique\",\"isPartOf\":{\"@id\":\"https:\\\/\\\/evok.com\\\/fr\\\/#website\"},\"datePublished\":\"2025-08-11T13:38:10+00:00\",\"description\":\"Acc\u00e9dez \u00e0 vos applications et donn\u00e9es depuis partout gr\u00e2ce \u00e0 nos bureaux virtuels Citrix h\u00e9berg\u00e9s en Suisse. S\u00e9curis\u00e9, flexible et compatible avec tous vos usages.\",\"breadcrumb\":{\"@id\":\"https:\\\/\\\/evok.com\\\/fr\\\/telephonie-ip-professionnelle-en-suisse-3cx-par-evok\\\/#breadcrumb\"},\"inLanguage\":\"fr-FR\",\"potentialAction\":[{\"@type\":\"ReadAction\",\"target\":[\"https:\\\/\\\/evok.com\\\/fr\\\/telephonie-ip-professionnelle-en-suisse-3cx-par-evok\\\/\"]}]},{\"@type\":\"BreadcrumbList\",\"@id\":\"https:\\\/\\\/evok.com\\\/fr\\\/telephonie-ip-professionnelle-en-suisse-3cx-par-evok\\\/#breadcrumb\",\"itemListElement\":[{\"@type\":\"ListItem\",\"position\":1,\"name\":\"Home\",\"item\":\"https:\\\/\\\/dev.evok.com\\\/fr\\\/\"},{\"@type\":\"ListItem\",\"position\":2,\"name\":\"T\u00e9l\u00e9phonie IP professionnelle en Suisse \u2013 3CX par EVOK\"}]},{\"@type\":\"WebSite\",\"@id\":\"https:\\\/\\\/evok.com\\\/fr\\\/#website\",\"url\":\"https:\\\/\\\/evok.com\\\/fr\\\/\",\"name\":\"EVOK Informatique\",\"description\":\"\",\"publisher\":{\"@id\":\"https:\\\/\\\/evok.com\\\/fr\\\/#organization\"},\"potentialAction\":[{\"@type\":\"SearchAction\",\"target\":{\"@type\":\"EntryPoint\",\"urlTemplate\":\"https:\\\/\\\/evok.com\\\/fr\\\/?s={search_term_string}\"},\"query-input\":{\"@type\":\"PropertyValueSpecification\",\"valueRequired\":true,\"valueName\":\"search_term_string\"}}],\"inLanguage\":\"fr-FR\"},{\"@type\":\"Organization\",\"@id\":\"https:\\\/\\\/evok.com\\\/fr\\\/#organization\",\"name\":\"EVOK - Altern8 SA\",\"alternateName\":\"EVOK\",\"url\":\"https:\\\/\\\/evok.com\\\/fr\\\/\",\"logo\":{\"@type\":\"ImageObject\",\"inLanguage\":\"fr-FR\",\"@id\":\"https:\\\/\\\/evok.com\\\/fr\\\/#\\\/schema\\\/logo\\\/image\\\/\",\"url\":\"https:\\\/\\\/evok.com\\\/media\\\/Logo.svg-4.png\",\"contentUrl\":\"https:\\\/\\\/evok.com\\\/media\\\/Logo.svg-4.png\",\"width\":300,\"height\":140,\"caption\":\"EVOK - Altern8 SA\"},\"image\":{\"@id\":\"https:\\\/\\\/evok.com\\\/fr\\\/#\\\/schema\\\/logo\\\/image\\\/\"},\"sameAs\":[\"https:\\\/\\\/www.linkedin.com\\\/company\\\/evok\\\/\"],\"description\":\"EVOK \u2013 Altern8 SA est une soci\u00e9t\u00e9 suisse d\u2019infog\u00e9rance et de services cloud bas\u00e9e \u00e0 Fribourg. Nous aidons les PME \u00e0 s\u00e9curiser et moderniser leur informatique: cloud h\u00e9berg\u00e9 en Suisse, cybers\u00e9curit\u00e9 op\u00e9rationnelle, Microsoft 365, t\u00e9l\u00e9phonie\\\/VoIP, r\u00e9seaux et support utilisateur. En tant que membre du groupe Sequotech, nous combinons expertise locale, infrastructures souveraines et engagements de service mesurables (SLA). Notre approche est pragmatique: architecture simple, co\u00fbts lisibles, et un point de contact unique pour votre IT au quotidien.\",\"email\":\"info@evok.com\",\"telephone\":\"+41 26 309 27 27\",\"legalName\":\"Altern8 SA\",\"foundingDate\":\"1998-01-01\",\"vatID\":\"CHE-105.467.972 TVA\",\"taxID\":\"CHE-105.467.972\",\"numberOfEmployees\":{\"@type\":\"QuantitativeValue\",\"minValue\":\"11\",\"maxValue\":\"50\"}}]}<\/script>\n<!-- \/ Yoast SEO Premium plugin. -->","yoast_head_json":{"title":"T\u00e9l\u00e9phonie IP professionnelle en Suisse \u2013 3CX par EVOK - EVOK Informatique","description":"Acc\u00e9dez \u00e0 vos applications et donn\u00e9es depuis partout gr\u00e2ce \u00e0 nos bureaux virtuels Citrix h\u00e9berg\u00e9s en Suisse. S\u00e9curis\u00e9, flexible et compatible avec tous vos usages.","robots":{"index":"index","follow":"follow","max-snippet":"max-snippet:-1","max-image-preview":"max-image-preview:large","max-video-preview":"max-video-preview:-1"},"canonical":"https:\/\/evok.com\/fr\/telephonie-ip-professionnelle-en-suisse-3cx-par-evok\/","og_locale":"fr_FR","og_type":"article","og_title":"T\u00e9l\u00e9phonie IP professionnelle en Suisse \u2013 3CX par EVOK","og_description":"Acc\u00e9dez \u00e0 vos applications et donn\u00e9es depuis partout gr\u00e2ce \u00e0 nos bureaux virtuels Citrix h\u00e9berg\u00e9s en Suisse. S\u00e9curis\u00e9, flexible et compatible avec tous vos usages.","og_url":"https:\/\/evok.com\/fr\/telephonie-ip-professionnelle-en-suisse-3cx-par-evok\/","og_site_name":"EVOK Informatique","twitter_card":"summary_large_image","schema":{"@context":"https:\/\/schema.org","@graph":[{"@type":"WebPage","@id":"https:\/\/evok.com\/fr\/telephonie-ip-professionnelle-en-suisse-3cx-par-evok\/","url":"https:\/\/evok.com\/fr\/telephonie-ip-professionnelle-en-suisse-3cx-par-evok\/","name":"T\u00e9l\u00e9phonie IP professionnelle en Suisse \u2013 3CX par EVOK - EVOK Informatique","isPartOf":{"@id":"https:\/\/evok.com\/fr\/#website"},"datePublished":"2025-08-11T13:38:10+00:00","description":"Acc\u00e9dez \u00e0 vos applications et donn\u00e9es depuis partout gr\u00e2ce \u00e0 nos bureaux virtuels Citrix h\u00e9berg\u00e9s en Suisse. S\u00e9curis\u00e9, flexible et compatible avec tous vos usages.","breadcrumb":{"@id":"https:\/\/evok.com\/fr\/telephonie-ip-professionnelle-en-suisse-3cx-par-evok\/#breadcrumb"},"inLanguage":"fr-FR","potentialAction":[{"@type":"ReadAction","target":["https:\/\/evok.com\/fr\/telephonie-ip-professionnelle-en-suisse-3cx-par-evok\/"]}]},{"@type":"BreadcrumbList","@id":"https:\/\/evok.com\/fr\/telephonie-ip-professionnelle-en-suisse-3cx-par-evok\/#breadcrumb","itemListElement":[{"@type":"ListItem","position":1,"name":"Home","item":"https:\/\/dev.evok.com\/fr\/"},{"@type":"ListItem","position":2,"name":"T\u00e9l\u00e9phonie IP professionnelle en Suisse \u2013 3CX par EVOK"}]},{"@type":"WebSite","@id":"https:\/\/evok.com\/fr\/#website","url":"https:\/\/evok.com\/fr\/","name":"EVOK Informatique","description":"","publisher":{"@id":"https:\/\/evok.com\/fr\/#organization"},"potentialAction":[{"@type":"SearchAction","target":{"@type":"EntryPoint","urlTemplate":"https:\/\/evok.com\/fr\/?s={search_term_string}"},"query-input":{"@type":"PropertyValueSpecification","valueRequired":true,"valueName":"search_term_string"}}],"inLanguage":"fr-FR"},{"@type":"Organization","@id":"https:\/\/evok.com\/fr\/#organization","name":"EVOK - Altern8 SA","alternateName":"EVOK","url":"https:\/\/evok.com\/fr\/","logo":{"@type":"ImageObject","inLanguage":"fr-FR","@id":"https:\/\/evok.com\/fr\/#\/schema\/logo\/image\/","url":"https:\/\/evok.com\/media\/Logo.svg-4.png","contentUrl":"https:\/\/evok.com\/media\/Logo.svg-4.png","width":300,"height":140,"caption":"EVOK - Altern8 SA"},"image":{"@id":"https:\/\/evok.com\/fr\/#\/schema\/logo\/image\/"},"sameAs":["https:\/\/www.linkedin.com\/company\/evok\/"],"description":"EVOK \u2013 Altern8 SA est une soci\u00e9t\u00e9 suisse d\u2019infog\u00e9rance et de services cloud bas\u00e9e \u00e0 Fribourg. Nous aidons les PME \u00e0 s\u00e9curiser et moderniser leur informatique: cloud h\u00e9berg\u00e9 en Suisse, cybers\u00e9curit\u00e9 op\u00e9rationnelle, Microsoft 365, t\u00e9l\u00e9phonie\/VoIP, r\u00e9seaux et support utilisateur. En tant que membre du groupe Sequotech, nous combinons expertise locale, infrastructures souveraines et engagements de service mesurables (SLA). Notre approche est pragmatique: architecture simple, co\u00fbts lisibles, et un point de contact unique pour votre IT au quotidien.","email":"info@evok.com","telephone":"+41 26 309 27 27","legalName":"Altern8 SA","foundingDate":"1998-01-01","vatID":"CHE-105.467.972 TVA","taxID":"CHE-105.467.972","numberOfEmployees":{"@type":"QuantitativeValue","minValue":"11","maxValue":"50"}}]}},"_links":{"self":[{"href":"https:\/\/evok.com\/fr\/wp-json\/wp\/v2\/pages\/29714","targetHints":{"allow":["GET"]}}],"collection":[{"href":"https:\/\/evok.com\/fr\/wp-json\/wp\/v2\/pages"}],"about":[{"href":"https:\/\/evok.com\/fr\/wp-json\/wp\/v2\/types\/page"}],"author":[{"embeddable":true,"href":"https:\/\/evok.com\/fr\/wp-json\/wp\/v2\/users\/12"}],"replies":[{"embeddable":true,"href":"https:\/\/evok.com\/fr\/wp-json\/wp\/v2\/comments?post=29714"}],"version-history":[{"count":3,"href":"https:\/\/evok.com\/fr\/wp-json\/wp\/v2\/pages\/29714\/revisions"}],"predecessor-version":[{"id":29733,"href":"https:\/\/evok.com\/fr\/wp-json\/wp\/v2\/pages\/29714\/revisions\/29733"}],"wp:attachment":[{"href":"https:\/\/evok.com\/fr\/wp-json\/wp\/v2\/media?parent=29714"}],"curies":[{"name":"wp","href":"https:\/\/api.w.org\/{rel}","templated":true}]}}