{"id":1321,"date":"2024-02-27T18:00:50","date_gmt":"2024-02-27T17:00:50","guid":{"rendered":"https:\/\/evok.com\/company\/"},"modified":"2024-02-27T18:58:45","modified_gmt":"2024-02-27T17:58:45","slug":"societe","status":"publish","type":"page","link":"https:\/\/evok.com\/fr\/societe\/","title":{"rendered":"Entreprise de services informatiques IT"},"content":{"rendered":"","protected":false},"excerpt":{"rendered":"","protected":false},"author":1,"featured_media":0,"parent":0,"menu_order":0,"comment_status":"closed","ping_status":"closed","template":"","meta":{"inline_featured_image":false,"footnotes":""},"class_list":["post-1321","page","type-page","status-publish","hentry"],"yoast_head":"<!-- This site is optimized with the Yoast SEO Premium plugin v25.3 (Yoast SEO v27.4) - https:\/\/yoast.com\/product\/yoast-seo-premium-wordpress\/ -->\n<title>Entreprise de services informatiques IT - EVOK Informatique<\/title>\n<meta name=\"description\" content=\"Pr\u00e9sente dans les cantons Fribourg, Vaud et Gen\u00e8ve, EVOK figure parmi les soci\u00e9t\u00e9s de services informatique les plus reconnues de Suisse romande depuis plus de 25 ans. Entreprise certifi\u00e9e ISO 27001:2022\" \/>\n<meta name=\"robots\" content=\"index, follow, max-snippet:-1, max-image-preview:large, max-video-preview:-1\" \/>\n<link rel=\"canonical\" href=\"https:\/\/evok.com\/fr\/societe\/\" \/>\n<meta property=\"og:locale\" content=\"fr_FR\" \/>\n<meta property=\"og:type\" content=\"article\" \/>\n<meta property=\"og:title\" content=\"Entreprise de services informatiques IT\" \/>\n<meta property=\"og:description\" content=\"Pr\u00e9sente dans les cantons Fribourg, Vaud et Gen\u00e8ve, EVOK figure parmi les soci\u00e9t\u00e9s de services informatique les plus reconnues de Suisse romande depuis plus de 25 ans. Entreprise certifi\u00e9e ISO 27001:2022\" \/>\n<meta property=\"og:url\" content=\"https:\/\/evok.com\/fr\/societe\/\" \/>\n<meta property=\"og:site_name\" content=\"EVOK Informatique\" \/>\n<meta property=\"article:modified_time\" content=\"2024-02-27T17:58:45+00:00\" \/>\n<meta name=\"twitter:card\" content=\"summary_large_image\" \/>\n<meta name=\"twitter:label1\" content=\"Dur\u00e9e de lecture estim\u00e9e\" \/>\n\t<meta name=\"twitter:data1\" content=\"18 minutes\" \/>\n<script type=\"application\/ld+json\" class=\"yoast-schema-graph\">{\"@context\":\"https:\\\/\\\/schema.org\",\"@graph\":[{\"@type\":\"WebPage\",\"@id\":\"https:\\\/\\\/evok.com\\\/fr\\\/societe\\\/\",\"url\":\"https:\\\/\\\/evok.com\\\/fr\\\/societe\\\/\",\"name\":\"Entreprise de services informatiques IT - EVOK Informatique\",\"isPartOf\":{\"@id\":\"https:\\\/\\\/evok.com\\\/fr\\\/#website\"},\"datePublished\":\"2024-02-27T17:00:50+00:00\",\"dateModified\":\"2024-02-27T17:58:45+00:00\",\"description\":\"Pr\u00e9sente dans les cantons Fribourg, Vaud et Gen\u00e8ve, EVOK figure parmi les soci\u00e9t\u00e9s de services informatique les plus reconnues de Suisse romande depuis plus de 25 ans. Entreprise certifi\u00e9e ISO 27001:2022\",\"breadcrumb\":{\"@id\":\"https:\\\/\\\/evok.com\\\/fr\\\/societe\\\/#breadcrumb\"},\"inLanguage\":\"fr-FR\",\"potentialAction\":[{\"@type\":\"ReadAction\",\"target\":[\"https:\\\/\\\/evok.com\\\/fr\\\/societe\\\/\"]}]},{\"@type\":\"BreadcrumbList\",\"@id\":\"https:\\\/\\\/evok.com\\\/fr\\\/societe\\\/#breadcrumb\",\"itemListElement\":[{\"@type\":\"ListItem\",\"position\":1,\"name\":\"Home\",\"item\":\"https:\\\/\\\/dev.evok.com\\\/fr\\\/\"},{\"@type\":\"ListItem\",\"position\":2,\"name\":\"Entreprise de services informatiques IT\"}]},{\"@type\":\"WebSite\",\"@id\":\"https:\\\/\\\/evok.com\\\/fr\\\/#website\",\"url\":\"https:\\\/\\\/evok.com\\\/fr\\\/\",\"name\":\"EVOK Informatique\",\"description\":\"\",\"publisher\":{\"@id\":\"https:\\\/\\\/evok.com\\\/fr\\\/#organization\"},\"potentialAction\":[{\"@type\":\"SearchAction\",\"target\":{\"@type\":\"EntryPoint\",\"urlTemplate\":\"https:\\\/\\\/evok.com\\\/fr\\\/?s={search_term_string}\"},\"query-input\":{\"@type\":\"PropertyValueSpecification\",\"valueRequired\":true,\"valueName\":\"search_term_string\"}}],\"inLanguage\":\"fr-FR\"},{\"@type\":\"Organization\",\"@id\":\"https:\\\/\\\/evok.com\\\/fr\\\/#organization\",\"name\":\"EVOK - Altern8 SA\",\"alternateName\":\"EVOK\",\"url\":\"https:\\\/\\\/evok.com\\\/fr\\\/\",\"logo\":{\"@type\":\"ImageObject\",\"inLanguage\":\"fr-FR\",\"@id\":\"https:\\\/\\\/evok.com\\\/fr\\\/#\\\/schema\\\/logo\\\/image\\\/\",\"url\":\"https:\\\/\\\/evok.com\\\/media\\\/Logo.svg-4.png\",\"contentUrl\":\"https:\\\/\\\/evok.com\\\/media\\\/Logo.svg-4.png\",\"width\":300,\"height\":140,\"caption\":\"EVOK - Altern8 SA\"},\"image\":{\"@id\":\"https:\\\/\\\/evok.com\\\/fr\\\/#\\\/schema\\\/logo\\\/image\\\/\"},\"sameAs\":[\"https:\\\/\\\/www.linkedin.com\\\/company\\\/evok\\\/\"],\"description\":\"EVOK \u2013 Altern8 SA est une soci\u00e9t\u00e9 suisse d\u2019infog\u00e9rance et de services cloud bas\u00e9e \u00e0 Fribourg. Nous aidons les PME \u00e0 s\u00e9curiser et moderniser leur informatique: cloud h\u00e9berg\u00e9 en Suisse, cybers\u00e9curit\u00e9 op\u00e9rationnelle, Microsoft 365, t\u00e9l\u00e9phonie\\\/VoIP, r\u00e9seaux et support utilisateur. En tant que membre du groupe Sequotech, nous combinons expertise locale, infrastructures souveraines et engagements de service mesurables (SLA). Notre approche est pragmatique: architecture simple, co\u00fbts lisibles, et un point de contact unique pour votre IT au quotidien.\",\"email\":\"info@evok.com\",\"telephone\":\"+41 26 309 27 27\",\"legalName\":\"Altern8 SA\",\"foundingDate\":\"1998-01-01\",\"vatID\":\"CHE-105.467.972 TVA\",\"taxID\":\"CHE-105.467.972\",\"numberOfEmployees\":{\"@type\":\"QuantitativeValue\",\"minValue\":\"11\",\"maxValue\":\"50\"}}]}<\/script>\n<!-- \/ Yoast SEO Premium plugin. -->","yoast_head_json":{"title":"Entreprise de services informatiques IT - EVOK Informatique","description":"Pr\u00e9sente dans les cantons Fribourg, Vaud et Gen\u00e8ve, EVOK figure parmi les soci\u00e9t\u00e9s de services informatique les plus reconnues de Suisse romande depuis plus de 25 ans. Entreprise certifi\u00e9e ISO 27001:2022","robots":{"index":"index","follow":"follow","max-snippet":"max-snippet:-1","max-image-preview":"max-image-preview:large","max-video-preview":"max-video-preview:-1"},"canonical":"https:\/\/evok.com\/fr\/societe\/","og_locale":"fr_FR","og_type":"article","og_title":"Entreprise de services informatiques IT","og_description":"Pr\u00e9sente dans les cantons Fribourg, Vaud et Gen\u00e8ve, EVOK figure parmi les soci\u00e9t\u00e9s de services informatique les plus reconnues de Suisse romande depuis plus de 25 ans. Entreprise certifi\u00e9e ISO 27001:2022","og_url":"https:\/\/evok.com\/fr\/societe\/","og_site_name":"EVOK Informatique","article_modified_time":"2024-02-27T17:58:45+00:00","twitter_card":"summary_large_image","twitter_misc":{"Dur\u00e9e de lecture estim\u00e9e":"18 minutes"},"schema":{"@context":"https:\/\/schema.org","@graph":[{"@type":"WebPage","@id":"https:\/\/evok.com\/fr\/societe\/","url":"https:\/\/evok.com\/fr\/societe\/","name":"Entreprise de services informatiques IT - EVOK Informatique","isPartOf":{"@id":"https:\/\/evok.com\/fr\/#website"},"datePublished":"2024-02-27T17:00:50+00:00","dateModified":"2024-02-27T17:58:45+00:00","description":"Pr\u00e9sente dans les cantons Fribourg, Vaud et Gen\u00e8ve, EVOK figure parmi les soci\u00e9t\u00e9s de services informatique les plus reconnues de Suisse romande depuis plus de 25 ans. Entreprise certifi\u00e9e ISO 27001:2022","breadcrumb":{"@id":"https:\/\/evok.com\/fr\/societe\/#breadcrumb"},"inLanguage":"fr-FR","potentialAction":[{"@type":"ReadAction","target":["https:\/\/evok.com\/fr\/societe\/"]}]},{"@type":"BreadcrumbList","@id":"https:\/\/evok.com\/fr\/societe\/#breadcrumb","itemListElement":[{"@type":"ListItem","position":1,"name":"Home","item":"https:\/\/dev.evok.com\/fr\/"},{"@type":"ListItem","position":2,"name":"Entreprise de services informatiques IT"}]},{"@type":"WebSite","@id":"https:\/\/evok.com\/fr\/#website","url":"https:\/\/evok.com\/fr\/","name":"EVOK Informatique","description":"","publisher":{"@id":"https:\/\/evok.com\/fr\/#organization"},"potentialAction":[{"@type":"SearchAction","target":{"@type":"EntryPoint","urlTemplate":"https:\/\/evok.com\/fr\/?s={search_term_string}"},"query-input":{"@type":"PropertyValueSpecification","valueRequired":true,"valueName":"search_term_string"}}],"inLanguage":"fr-FR"},{"@type":"Organization","@id":"https:\/\/evok.com\/fr\/#organization","name":"EVOK - Altern8 SA","alternateName":"EVOK","url":"https:\/\/evok.com\/fr\/","logo":{"@type":"ImageObject","inLanguage":"fr-FR","@id":"https:\/\/evok.com\/fr\/#\/schema\/logo\/image\/","url":"https:\/\/evok.com\/media\/Logo.svg-4.png","contentUrl":"https:\/\/evok.com\/media\/Logo.svg-4.png","width":300,"height":140,"caption":"EVOK - Altern8 SA"},"image":{"@id":"https:\/\/evok.com\/fr\/#\/schema\/logo\/image\/"},"sameAs":["https:\/\/www.linkedin.com\/company\/evok\/"],"description":"EVOK \u2013 Altern8 SA est une soci\u00e9t\u00e9 suisse d\u2019infog\u00e9rance et de services cloud bas\u00e9e \u00e0 Fribourg. Nous aidons les PME \u00e0 s\u00e9curiser et moderniser leur informatique: cloud h\u00e9berg\u00e9 en Suisse, cybers\u00e9curit\u00e9 op\u00e9rationnelle, Microsoft 365, t\u00e9l\u00e9phonie\/VoIP, r\u00e9seaux et support utilisateur. En tant que membre du groupe Sequotech, nous combinons expertise locale, infrastructures souveraines et engagements de service mesurables (SLA). Notre approche est pragmatique: architecture simple, co\u00fbts lisibles, et un point de contact unique pour votre IT au quotidien.","email":"info@evok.com","telephone":"+41 26 309 27 27","legalName":"Altern8 SA","foundingDate":"1998-01-01","vatID":"CHE-105.467.972 TVA","taxID":"CHE-105.467.972","numberOfEmployees":{"@type":"QuantitativeValue","minValue":"11","maxValue":"50"}}]}},"_links":{"self":[{"href":"https:\/\/evok.com\/fr\/wp-json\/wp\/v2\/pages\/1321","targetHints":{"allow":["GET"]}}],"collection":[{"href":"https:\/\/evok.com\/fr\/wp-json\/wp\/v2\/pages"}],"about":[{"href":"https:\/\/evok.com\/fr\/wp-json\/wp\/v2\/types\/page"}],"author":[{"embeddable":true,"href":"https:\/\/evok.com\/fr\/wp-json\/wp\/v2\/users\/1"}],"replies":[{"embeddable":true,"href":"https:\/\/evok.com\/fr\/wp-json\/wp\/v2\/comments?post=1321"}],"version-history":[{"count":1,"href":"https:\/\/evok.com\/fr\/wp-json\/wp\/v2\/pages\/1321\/revisions"}],"predecessor-version":[{"id":28218,"href":"https:\/\/evok.com\/fr\/wp-json\/wp\/v2\/pages\/1321\/revisions\/28218"}],"wp:attachment":[{"href":"https:\/\/evok.com\/fr\/wp-json\/wp\/v2\/media?parent=1321"}],"curies":[{"name":"wp","href":"https:\/\/api.w.org\/{rel}","templated":true}]}}