{"id":1318,"date":"2021-04-19T10:55:34","date_gmt":"2021-04-19T09:55:34","guid":{"rendered":"https:\/\/evok.com\/contact-us\/"},"modified":"2022-06-08T22:38:46","modified_gmt":"2022-06-08T20:38:46","slug":"contactez-nous","status":"publish","type":"page","link":"https:\/\/evok.com\/fr\/contactez-nous\/","title":{"rendered":"Contactez-nous"},"content":{"rendered":"","protected":false},"excerpt":{"rendered":"","protected":false},"author":1,"featured_media":0,"parent":0,"menu_order":0,"comment_status":"closed","ping_status":"closed","template":"","meta":{"inline_featured_image":false,"footnotes":""},"class_list":["post-1318","page","type-page","status-publish","hentry"],"yoast_head":"<!-- This site is optimized with the Yoast SEO Premium plugin v25.3 (Yoast SEO v27.3) - https:\/\/yoast.com\/product\/yoast-seo-premium-wordpress\/ -->\n<title>Contact d\u00e9pannage et urgence service informatique<\/title>\n<meta name=\"description\" content=\"Nous sommes \u00e0 votre \u00e9coute pour combler vos besoins en informatique IT\" \/>\n<meta name=\"robots\" content=\"index, follow, max-snippet:-1, max-image-preview:large, max-video-preview:-1\" \/>\n<link rel=\"canonical\" href=\"https:\/\/evok.com\/fr\/contactez-nous\/\" \/>\n<meta property=\"og:locale\" content=\"fr_FR\" \/>\n<meta property=\"og:type\" content=\"article\" \/>\n<meta property=\"og:title\" content=\"Contactez-nous\" \/>\n<meta property=\"og:description\" content=\"Nous sommes \u00e0 votre \u00e9coute pour combler vos besoins en informatique IT\" \/>\n<meta property=\"og:url\" content=\"https:\/\/evok.com\/fr\/contactez-nous\/\" \/>\n<meta property=\"og:site_name\" content=\"EVOK Informatique\" \/>\n<meta property=\"article:modified_time\" content=\"2022-06-08T20:38:46+00:00\" \/>\n<meta name=\"twitter:card\" content=\"summary_large_image\" \/>\n<script type=\"application\/ld+json\" class=\"yoast-schema-graph\">{\"@context\":\"https:\\\/\\\/schema.org\",\"@graph\":[{\"@type\":\"WebPage\",\"@id\":\"https:\\\/\\\/evok.com\\\/fr\\\/contactez-nous\\\/\",\"url\":\"https:\\\/\\\/evok.com\\\/fr\\\/contactez-nous\\\/\",\"name\":\"Contact d\u00e9pannage et urgence service informatique\",\"isPartOf\":{\"@id\":\"https:\\\/\\\/evok.com\\\/fr\\\/#website\"},\"datePublished\":\"2021-04-19T09:55:34+00:00\",\"dateModified\":\"2022-06-08T20:38:46+00:00\",\"description\":\"Nous sommes \u00e0 votre \u00e9coute pour combler vos besoins en informatique IT\",\"breadcrumb\":{\"@id\":\"https:\\\/\\\/evok.com\\\/fr\\\/contactez-nous\\\/#breadcrumb\"},\"inLanguage\":\"fr-FR\",\"potentialAction\":[{\"@type\":\"ReadAction\",\"target\":[\"https:\\\/\\\/evok.com\\\/fr\\\/contactez-nous\\\/\"]}]},{\"@type\":\"BreadcrumbList\",\"@id\":\"https:\\\/\\\/evok.com\\\/fr\\\/contactez-nous\\\/#breadcrumb\",\"itemListElement\":[{\"@type\":\"ListItem\",\"position\":1,\"name\":\"Home\",\"item\":\"https:\\\/\\\/dev.evok.com\\\/fr\\\/\"},{\"@type\":\"ListItem\",\"position\":2,\"name\":\"Contactez-nous\"}]},{\"@type\":\"WebSite\",\"@id\":\"https:\\\/\\\/evok.com\\\/fr\\\/#website\",\"url\":\"https:\\\/\\\/evok.com\\\/fr\\\/\",\"name\":\"EVOK Informatique\",\"description\":\"\",\"publisher\":{\"@id\":\"https:\\\/\\\/evok.com\\\/fr\\\/#organization\"},\"potentialAction\":[{\"@type\":\"SearchAction\",\"target\":{\"@type\":\"EntryPoint\",\"urlTemplate\":\"https:\\\/\\\/evok.com\\\/fr\\\/?s={search_term_string}\"},\"query-input\":{\"@type\":\"PropertyValueSpecification\",\"valueRequired\":true,\"valueName\":\"search_term_string\"}}],\"inLanguage\":\"fr-FR\"},{\"@type\":\"Organization\",\"@id\":\"https:\\\/\\\/evok.com\\\/fr\\\/#organization\",\"name\":\"EVOK - Altern8 SA\",\"alternateName\":\"EVOK\",\"url\":\"https:\\\/\\\/evok.com\\\/fr\\\/\",\"logo\":{\"@type\":\"ImageObject\",\"inLanguage\":\"fr-FR\",\"@id\":\"https:\\\/\\\/evok.com\\\/fr\\\/#\\\/schema\\\/logo\\\/image\\\/\",\"url\":\"https:\\\/\\\/evok.com\\\/media\\\/Logo.svg-4.png\",\"contentUrl\":\"https:\\\/\\\/evok.com\\\/media\\\/Logo.svg-4.png\",\"width\":300,\"height\":140,\"caption\":\"EVOK - Altern8 SA\"},\"image\":{\"@id\":\"https:\\\/\\\/evok.com\\\/fr\\\/#\\\/schema\\\/logo\\\/image\\\/\"},\"sameAs\":[\"https:\\\/\\\/www.linkedin.com\\\/company\\\/evok\\\/\"],\"description\":\"EVOK \u2013 Altern8 SA est une soci\u00e9t\u00e9 suisse d\u2019infog\u00e9rance et de services cloud bas\u00e9e \u00e0 Fribourg. Nous aidons les PME \u00e0 s\u00e9curiser et moderniser leur informatique: cloud h\u00e9berg\u00e9 en Suisse, cybers\u00e9curit\u00e9 op\u00e9rationnelle, Microsoft 365, t\u00e9l\u00e9phonie\\\/VoIP, r\u00e9seaux et support utilisateur. En tant que membre du groupe Sequotech, nous combinons expertise locale, infrastructures souveraines et engagements de service mesurables (SLA). Notre approche est pragmatique: architecture simple, co\u00fbts lisibles, et un point de contact unique pour votre IT au quotidien.\",\"email\":\"info@evok.com\",\"telephone\":\"+41 26 309 27 27\",\"legalName\":\"Altern8 SA\",\"foundingDate\":\"1998-01-01\",\"vatID\":\"CHE-105.467.972 TVA\",\"taxID\":\"CHE-105.467.972\",\"numberOfEmployees\":{\"@type\":\"QuantitativeValue\",\"minValue\":\"11\",\"maxValue\":\"50\"}}]}<\/script>\n<!-- \/ Yoast SEO Premium plugin. -->","yoast_head_json":{"title":"Contact d\u00e9pannage et urgence service informatique","description":"Nous sommes \u00e0 votre \u00e9coute pour combler vos besoins en informatique IT","robots":{"index":"index","follow":"follow","max-snippet":"max-snippet:-1","max-image-preview":"max-image-preview:large","max-video-preview":"max-video-preview:-1"},"canonical":"https:\/\/evok.com\/fr\/contactez-nous\/","og_locale":"fr_FR","og_type":"article","og_title":"Contactez-nous","og_description":"Nous sommes \u00e0 votre \u00e9coute pour combler vos besoins en informatique IT","og_url":"https:\/\/evok.com\/fr\/contactez-nous\/","og_site_name":"EVOK Informatique","article_modified_time":"2022-06-08T20:38:46+00:00","twitter_card":"summary_large_image","schema":{"@context":"https:\/\/schema.org","@graph":[{"@type":"WebPage","@id":"https:\/\/evok.com\/fr\/contactez-nous\/","url":"https:\/\/evok.com\/fr\/contactez-nous\/","name":"Contact d\u00e9pannage et urgence service informatique","isPartOf":{"@id":"https:\/\/evok.com\/fr\/#website"},"datePublished":"2021-04-19T09:55:34+00:00","dateModified":"2022-06-08T20:38:46+00:00","description":"Nous sommes \u00e0 votre \u00e9coute pour combler vos besoins en informatique IT","breadcrumb":{"@id":"https:\/\/evok.com\/fr\/contactez-nous\/#breadcrumb"},"inLanguage":"fr-FR","potentialAction":[{"@type":"ReadAction","target":["https:\/\/evok.com\/fr\/contactez-nous\/"]}]},{"@type":"BreadcrumbList","@id":"https:\/\/evok.com\/fr\/contactez-nous\/#breadcrumb","itemListElement":[{"@type":"ListItem","position":1,"name":"Home","item":"https:\/\/dev.evok.com\/fr\/"},{"@type":"ListItem","position":2,"name":"Contactez-nous"}]},{"@type":"WebSite","@id":"https:\/\/evok.com\/fr\/#website","url":"https:\/\/evok.com\/fr\/","name":"EVOK Informatique","description":"","publisher":{"@id":"https:\/\/evok.com\/fr\/#organization"},"potentialAction":[{"@type":"SearchAction","target":{"@type":"EntryPoint","urlTemplate":"https:\/\/evok.com\/fr\/?s={search_term_string}"},"query-input":{"@type":"PropertyValueSpecification","valueRequired":true,"valueName":"search_term_string"}}],"inLanguage":"fr-FR"},{"@type":"Organization","@id":"https:\/\/evok.com\/fr\/#organization","name":"EVOK - Altern8 SA","alternateName":"EVOK","url":"https:\/\/evok.com\/fr\/","logo":{"@type":"ImageObject","inLanguage":"fr-FR","@id":"https:\/\/evok.com\/fr\/#\/schema\/logo\/image\/","url":"https:\/\/evok.com\/media\/Logo.svg-4.png","contentUrl":"https:\/\/evok.com\/media\/Logo.svg-4.png","width":300,"height":140,"caption":"EVOK - Altern8 SA"},"image":{"@id":"https:\/\/evok.com\/fr\/#\/schema\/logo\/image\/"},"sameAs":["https:\/\/www.linkedin.com\/company\/evok\/"],"description":"EVOK \u2013 Altern8 SA est une soci\u00e9t\u00e9 suisse d\u2019infog\u00e9rance et de services cloud bas\u00e9e \u00e0 Fribourg. Nous aidons les PME \u00e0 s\u00e9curiser et moderniser leur informatique: cloud h\u00e9berg\u00e9 en Suisse, cybers\u00e9curit\u00e9 op\u00e9rationnelle, Microsoft 365, t\u00e9l\u00e9phonie\/VoIP, r\u00e9seaux et support utilisateur. En tant que membre du groupe Sequotech, nous combinons expertise locale, infrastructures souveraines et engagements de service mesurables (SLA). Notre approche est pragmatique: architecture simple, co\u00fbts lisibles, et un point de contact unique pour votre IT au quotidien.","email":"info@evok.com","telephone":"+41 26 309 27 27","legalName":"Altern8 SA","foundingDate":"1998-01-01","vatID":"CHE-105.467.972 TVA","taxID":"CHE-105.467.972","numberOfEmployees":{"@type":"QuantitativeValue","minValue":"11","maxValue":"50"}}]}},"_links":{"self":[{"href":"https:\/\/evok.com\/fr\/wp-json\/wp\/v2\/pages\/1318","targetHints":{"allow":["GET"]}}],"collection":[{"href":"https:\/\/evok.com\/fr\/wp-json\/wp\/v2\/pages"}],"about":[{"href":"https:\/\/evok.com\/fr\/wp-json\/wp\/v2\/types\/page"}],"author":[{"embeddable":true,"href":"https:\/\/evok.com\/fr\/wp-json\/wp\/v2\/users\/1"}],"replies":[{"embeddable":true,"href":"https:\/\/evok.com\/fr\/wp-json\/wp\/v2\/comments?post=1318"}],"version-history":[{"count":0,"href":"https:\/\/evok.com\/fr\/wp-json\/wp\/v2\/pages\/1318\/revisions"}],"wp:attachment":[{"href":"https:\/\/evok.com\/fr\/wp-json\/wp\/v2\/media?parent=1318"}],"curies":[{"name":"wp","href":"https:\/\/api.w.org\/{rel}","templated":true}]}}