{"id":905,"date":"2021-05-26T16:23:37","date_gmt":"2021-05-26T15:23:37","guid":{"rendered":"https:\/\/evok.com\/?page_id=905"},"modified":"2022-06-08T22:22:56","modified_gmt":"2022-06-08T20:22:56","slug":"firewall-under-management","status":"publish","type":"page","link":"https:\/\/evok.com\/en\/cybersecurity\/firewall-under-management\/","title":{"rendered":"Firewall under management"},"content":{"rendered":"","protected":false},"excerpt":{"rendered":"","protected":false},"author":1,"featured_media":0,"parent":0,"menu_order":0,"comment_status":"closed","ping_status":"closed","template":"","meta":{"inline_featured_image":false,"footnotes":""},"class_list":["post-905","page","type-page","status-publish","hentry"],"yoast_head":"<!-- This site is optimized with the Yoast SEO Premium plugin v25.3 (Yoast SEO v27.3) - https:\/\/yoast.com\/product\/yoast-seo-premium-wordpress\/ -->\n<title>Firewall under management - EVOK Informatique<\/title>\n<meta name=\"robots\" content=\"index, follow, max-snippet:-1, max-image-preview:large, max-video-preview:-1\" \/>\n<link rel=\"canonical\" href=\"https:\/\/evok.com\/en\/cybersecurity\/firewall-under-management\/\" \/>\n<meta property=\"og:locale\" content=\"en_US\" \/>\n<meta property=\"og:type\" content=\"article\" \/>\n<meta property=\"og:title\" content=\"Firewall under management\" \/>\n<meta property=\"og:url\" content=\"https:\/\/evok.com\/en\/cybersecurity\/firewall-under-management\/\" \/>\n<meta property=\"og:site_name\" content=\"EVOK Informatique\" \/>\n<meta property=\"article:modified_time\" content=\"2022-06-08T20:22:56+00:00\" \/>\n<meta name=\"twitter:card\" content=\"summary_large_image\" \/>\n<script type=\"application\/ld+json\" class=\"yoast-schema-graph\">{\"@context\":\"https:\\\/\\\/schema.org\",\"@graph\":[{\"@type\":\"WebPage\",\"@id\":\"https:\\\/\\\/evok.com\\\/en\\\/cybersecurity\\\/firewall-under-management\\\/\",\"url\":\"https:\\\/\\\/evok.com\\\/en\\\/cybersecurity\\\/firewall-under-management\\\/\",\"name\":\"Firewall under management - EVOK Informatique\",\"isPartOf\":{\"@id\":\"https:\\\/\\\/evok.com\\\/en\\\/#website\"},\"datePublished\":\"2021-05-26T15:23:37+00:00\",\"dateModified\":\"2022-06-08T20:22:56+00:00\",\"breadcrumb\":{\"@id\":\"https:\\\/\\\/evok.com\\\/en\\\/cybersecurity\\\/firewall-under-management\\\/#breadcrumb\"},\"inLanguage\":\"en-US\",\"potentialAction\":[{\"@type\":\"ReadAction\",\"target\":[\"https:\\\/\\\/evok.com\\\/en\\\/cybersecurity\\\/firewall-under-management\\\/\"]}]},{\"@type\":\"BreadcrumbList\",\"@id\":\"https:\\\/\\\/evok.com\\\/en\\\/cybersecurity\\\/firewall-under-management\\\/#breadcrumb\",\"itemListElement\":[{\"@type\":\"ListItem\",\"position\":1,\"name\":\"Home\",\"item\":\"https:\\\/\\\/evok.com\\\/en\\\/\"},{\"@type\":\"ListItem\",\"position\":2,\"name\":\"Firewall under management\"}]},{\"@type\":\"WebSite\",\"@id\":\"https:\\\/\\\/evok.com\\\/en\\\/#website\",\"url\":\"https:\\\/\\\/evok.com\\\/en\\\/\",\"name\":\"EVOK Informatique\",\"description\":\"\",\"publisher\":{\"@id\":\"https:\\\/\\\/evok.com\\\/en\\\/#organization\"},\"potentialAction\":[{\"@type\":\"SearchAction\",\"target\":{\"@type\":\"EntryPoint\",\"urlTemplate\":\"https:\\\/\\\/evok.com\\\/en\\\/?s={search_term_string}\"},\"query-input\":{\"@type\":\"PropertyValueSpecification\",\"valueRequired\":true,\"valueName\":\"search_term_string\"}}],\"inLanguage\":\"en-US\"},{\"@type\":\"Organization\",\"@id\":\"https:\\\/\\\/evok.com\\\/en\\\/#organization\",\"name\":\"EVOK - Altern8 SA\",\"alternateName\":\"EVOK\",\"url\":\"https:\\\/\\\/evok.com\\\/en\\\/\",\"logo\":{\"@type\":\"ImageObject\",\"inLanguage\":\"en-US\",\"@id\":\"https:\\\/\\\/evok.com\\\/en\\\/#\\\/schema\\\/logo\\\/image\\\/\",\"url\":\"https:\\\/\\\/evok.com\\\/media\\\/Logo.svg-4.png\",\"contentUrl\":\"https:\\\/\\\/evok.com\\\/media\\\/Logo.svg-4.png\",\"width\":300,\"height\":140,\"caption\":\"EVOK - Altern8 SA\"},\"image\":{\"@id\":\"https:\\\/\\\/evok.com\\\/en\\\/#\\\/schema\\\/logo\\\/image\\\/\"},\"sameAs\":[\"https:\\\/\\\/www.linkedin.com\\\/company\\\/evok\\\/\"],\"description\":\"EVOK \u2013 Altern8 SA est une soci\u00e9t\u00e9 suisse d\u2019infog\u00e9rance et de services cloud bas\u00e9e \u00e0 Fribourg. Nous aidons les PME \u00e0 s\u00e9curiser et moderniser leur informatique: cloud h\u00e9berg\u00e9 en Suisse, cybers\u00e9curit\u00e9 op\u00e9rationnelle, Microsoft 365, t\u00e9l\u00e9phonie\\\/VoIP, r\u00e9seaux et support utilisateur. En tant que membre du groupe Sequotech, nous combinons expertise locale, infrastructures souveraines et engagements de service mesurables (SLA). Notre approche est pragmatique: architecture simple, co\u00fbts lisibles, et un point de contact unique pour votre IT au quotidien.\",\"email\":\"info@evok.com\",\"telephone\":\"+41 26 309 27 27\",\"legalName\":\"Altern8 SA\",\"foundingDate\":\"1998-01-01\",\"vatID\":\"CHE-105.467.972 TVA\",\"taxID\":\"CHE-105.467.972\",\"numberOfEmployees\":{\"@type\":\"QuantitativeValue\",\"minValue\":\"11\",\"maxValue\":\"50\"}}]}<\/script>\n<!-- \/ Yoast SEO Premium plugin. -->","yoast_head_json":{"title":"Firewall under management - EVOK Informatique","robots":{"index":"index","follow":"follow","max-snippet":"max-snippet:-1","max-image-preview":"max-image-preview:large","max-video-preview":"max-video-preview:-1"},"canonical":"https:\/\/evok.com\/en\/cybersecurity\/firewall-under-management\/","og_locale":"en_US","og_type":"article","og_title":"Firewall under management","og_url":"https:\/\/evok.com\/en\/cybersecurity\/firewall-under-management\/","og_site_name":"EVOK Informatique","article_modified_time":"2022-06-08T20:22:56+00:00","twitter_card":"summary_large_image","schema":{"@context":"https:\/\/schema.org","@graph":[{"@type":"WebPage","@id":"https:\/\/evok.com\/en\/cybersecurity\/firewall-under-management\/","url":"https:\/\/evok.com\/en\/cybersecurity\/firewall-under-management\/","name":"Firewall under management - EVOK Informatique","isPartOf":{"@id":"https:\/\/evok.com\/en\/#website"},"datePublished":"2021-05-26T15:23:37+00:00","dateModified":"2022-06-08T20:22:56+00:00","breadcrumb":{"@id":"https:\/\/evok.com\/en\/cybersecurity\/firewall-under-management\/#breadcrumb"},"inLanguage":"en-US","potentialAction":[{"@type":"ReadAction","target":["https:\/\/evok.com\/en\/cybersecurity\/firewall-under-management\/"]}]},{"@type":"BreadcrumbList","@id":"https:\/\/evok.com\/en\/cybersecurity\/firewall-under-management\/#breadcrumb","itemListElement":[{"@type":"ListItem","position":1,"name":"Home","item":"https:\/\/evok.com\/en\/"},{"@type":"ListItem","position":2,"name":"Firewall under management"}]},{"@type":"WebSite","@id":"https:\/\/evok.com\/en\/#website","url":"https:\/\/evok.com\/en\/","name":"EVOK Informatique","description":"","publisher":{"@id":"https:\/\/evok.com\/en\/#organization"},"potentialAction":[{"@type":"SearchAction","target":{"@type":"EntryPoint","urlTemplate":"https:\/\/evok.com\/en\/?s={search_term_string}"},"query-input":{"@type":"PropertyValueSpecification","valueRequired":true,"valueName":"search_term_string"}}],"inLanguage":"en-US"},{"@type":"Organization","@id":"https:\/\/evok.com\/en\/#organization","name":"EVOK - Altern8 SA","alternateName":"EVOK","url":"https:\/\/evok.com\/en\/","logo":{"@type":"ImageObject","inLanguage":"en-US","@id":"https:\/\/evok.com\/en\/#\/schema\/logo\/image\/","url":"https:\/\/evok.com\/media\/Logo.svg-4.png","contentUrl":"https:\/\/evok.com\/media\/Logo.svg-4.png","width":300,"height":140,"caption":"EVOK - Altern8 SA"},"image":{"@id":"https:\/\/evok.com\/en\/#\/schema\/logo\/image\/"},"sameAs":["https:\/\/www.linkedin.com\/company\/evok\/"],"description":"EVOK \u2013 Altern8 SA est une soci\u00e9t\u00e9 suisse d\u2019infog\u00e9rance et de services cloud bas\u00e9e \u00e0 Fribourg. Nous aidons les PME \u00e0 s\u00e9curiser et moderniser leur informatique: cloud h\u00e9berg\u00e9 en Suisse, cybers\u00e9curit\u00e9 op\u00e9rationnelle, Microsoft 365, t\u00e9l\u00e9phonie\/VoIP, r\u00e9seaux et support utilisateur. En tant que membre du groupe Sequotech, nous combinons expertise locale, infrastructures souveraines et engagements de service mesurables (SLA). Notre approche est pragmatique: architecture simple, co\u00fbts lisibles, et un point de contact unique pour votre IT au quotidien.","email":"info@evok.com","telephone":"+41 26 309 27 27","legalName":"Altern8 SA","foundingDate":"1998-01-01","vatID":"CHE-105.467.972 TVA","taxID":"CHE-105.467.972","numberOfEmployees":{"@type":"QuantitativeValue","minValue":"11","maxValue":"50"}}]}},"_links":{"self":[{"href":"https:\/\/evok.com\/en\/wp-json\/wp\/v2\/pages\/905","targetHints":{"allow":["GET"]}}],"collection":[{"href":"https:\/\/evok.com\/en\/wp-json\/wp\/v2\/pages"}],"about":[{"href":"https:\/\/evok.com\/en\/wp-json\/wp\/v2\/types\/page"}],"author":[{"embeddable":true,"href":"https:\/\/evok.com\/en\/wp-json\/wp\/v2\/users\/1"}],"replies":[{"embeddable":true,"href":"https:\/\/evok.com\/en\/wp-json\/wp\/v2\/comments?post=905"}],"version-history":[{"count":0,"href":"https:\/\/evok.com\/en\/wp-json\/wp\/v2\/pages\/905\/revisions"}],"wp:attachment":[{"href":"https:\/\/evok.com\/en\/wp-json\/wp\/v2\/media?parent=905"}],"curies":[{"name":"wp","href":"https:\/\/api.w.org\/{rel}","templated":true}]}}